{"id":20,"date":"2018-11-01T09:38:21","date_gmt":"2018-11-01T09:38:21","guid":{"rendered":"http:\/\/neu.events-tours.de\/?page_id=20"},"modified":"2018-11-06T12:24:53","modified_gmt":"2018-11-06T12:24:53","slug":"impressum","status":"publish","type":"page","link":"https:\/\/events-tours.de\/?page_id=20","title":{"rendered":"Impressum"},"content":{"rendered":"<div class=\"wpb-content-wrapper\"><p>[vc_row][vc_column][vc_column_text css=&#8220;.vc_custom_1541081444108{margin-top: 75px !important;}&#8220;]<\/p>\n<h1>Kontakt &amp; Impressum<\/h1>\n<p>[\/vc_column_text][\/vc_column][\/vc_row][vc_row][vc_column width=&#8220;2\/3&#8243;][vc_column_text css=&#8220;.vc_custom_1541507091026{margin-bottom: 75px !important;}&#8220;]<span class=\"Stil5\"><strong>Events &amp; Tours<br \/>\nKerstin Schellhorn-Piontek<\/strong><\/span><\/p>\n<p>Berliner Stra\u00dfe 50<br \/>\n14467 Potsdam<br \/>\nGermany<br \/>\nT +49 (0)331 \/ 201 97 51<br \/>\n<a href=\"mailto:kerstin.schellhorn-piontek@events-tours.de\">ker<span class=\"Stil6\">stin.schellhorn-piontek [at] events-tours [dot] de<\/span><\/a><\/p>\n<p class=\"Stil6\">Verantwortlich f\u00fcr die Internetseite: Kerstin Schellhorn-Piontek<\/p>\n<p>&nbsp;<\/p>\n<p>Plattform der EU-Kommission zur Online-Streitbeilegung: <a href=\"https:\/\/www.ec.europa.eu\/consumers\/odr\" target=\"_blank\" rel=\"noopener\">https:\/\/www.ec.europa.eu\/consumers\/odr<\/a><\/p>\n<p>&nbsp;<\/p>\n<p>Umsetzung: <a href=\"http:\/\/www.agentur-kreuzinger.com\" target=\"_blank\" rel=\"noopener\">KREUZINGER\/\/VISUELLE KOMMUNIKATION<\/a><\/p>\n<p>&nbsp;<\/p>\n<p class=\"Stil2\"><strong>Haftungsausschluss<\/strong><\/p>\n<p>Der Zugang und die Nutzung dieser Internetseite wird durch Kerstin Schellhorn-Piontek zu den im Folgenden aufgef\u00fchrten Bedingungen erm\u00f6glicht. Durch die Nutzung der Internetseite wird den Bedingungen zugestimmt. Kerstin Schellhorn-Piontek kann die Bedingungen jederzeit \u00e4ndern; die weitere Nutzung nach solchen \u00c4nderungen bedeutet, dass die ge\u00e4nderten Bedingungen akzeptiert worden sind.<\/p>\n<p><strong><span class=\"Stil2\">Zum Inhalt<\/span><\/strong><\/p>\n<p>Der Inhalt dieser Internetseiten wurde sorgf\u00e4ltig bearbeitet und \u00fcberpr\u00fcft. Kerstin Schellhorn-Piontek \u00fcbernimmt jedoch keine Gew\u00e4hr f\u00fcr die Vollst\u00e4ndigkeit der bereitgestellten Informationen.<\/p>\n<p>Haftungsanspr\u00fcche gegen Kerstin Schellhorn-Piontek, welche sich auf Sch\u00e4den materieller oder ideeller Art beziehen, die durch die Nutzung oder Nichtnutzung der dargebotenen Informationen bzw. durch die Nutzung fehlerhafter und unvollst\u00e4ndiger Informationen verursacht wurden, sind grunds\u00e4tzlich ausgeschlossen, sofern seitens des Autors kein nachweislich vors\u00e4tzliches oder grob fahrl\u00e4ssiges Verschulden vorliegt.<\/p>\n<p>Es wird keine Haftung \u00fcbernommen, dass die Internetseite, die darin enthaltenen Daten und Inhalte oder die Technologie, die diese Internetseite bereitstellt, jederzeit verf\u00fcgbar und frei von Viren, Computer-Bugs oder anderen Fehlern ist.<\/p>\n<p>Kerstin Schellhorn-Piontek beh\u00e4lt es sich ausdr\u00fccklich vor, Teile der Seiten ohne gesonderte Ank\u00fcndigung zu ver\u00e4ndern, zu erg\u00e4nzen, zu l\u00f6schen oder zeitweise oder endg\u00fcltig einzustellen.<\/p>\n<p><strong><span class=\"Stil2\">Zu Verweisen und Links<\/span><\/strong><\/p>\n<p>Bei direkten oder indirekten Verweisen auf fremde Internetseiten (\u201eLinks\u201c), die au\u00dferhalb des Verantwortungsbereiches von Kerstin Schellhorn-Piontek liegen, wird nur gehaftet, wenn genaue Kenntnisse zu den Inhalten vorliegen und es technisch m\u00f6glich und zumutbar ist, die Nutzung im Falle rechtswidriger Inhalte zu verhindern.<\/p>\n<p>Kerstin Schellhorn-Piontek erkl\u00e4rt hiermit ausdr\u00fccklich, dass zum Zeitpunkt der Linksetzung keine illegalen Inhalte auf den zu verlinkenden Seiten erkennbar waren. Kerstin Schellhorn-Piontek hat keinerlei Einfluss auf die aktuelle und zuk\u00fcnftige Gestaltung der verlinkten Seiten.<br \/>\nKerstin Schellhorn-Piontek distanziert sich deshalb ausdr\u00fccklich von allen Inhalten aller verlinkten Seiten, die nach der Linksetzung ver\u00e4ndert wurden. Dies gilt f\u00fcr alle innerhalb des eigenen Internetangebotes gesetzten Links und Verweise.<\/p>\n<p>Kerstin Schellhorn-Piontek ist nicht verantwortlich f\u00fcr den Inhalt, die Verf\u00fcgbarkeit, die Richtigkeit und die Genauigkeit der verlinkten Seiten, deren Angebote, Links oder Werbeanzeigen.<\/p>\n<p>Kerstin Schellhorn-Piontek haftet nicht f\u00fcr illegale, fehlerhafte oder unvollst\u00e4ndige Inhalte und insbesondere f\u00fcr Sch\u00e4den, die durch Nutzung oder Nichtnutzung der auf den verlinkten Seiten angebotenen Informationen entstehen.<\/p>\n<p><strong><span class=\"Stil2\">Zum Urheberrecht<\/span><\/strong><\/p>\n<p>Alle innerhalb der Internetseite ggf. genannten und ggf. durch Dritte gesch\u00fctzten Marken- und Warenzeichen unterliegen uneingeschr\u00e4nkt den Bestimmungen des jeweils g\u00fcltigen Kennzeichenrechts und den Besitzrechten der jeweiligen eingetragenen Eigent\u00fcmer. Allein aufgrund der blo\u00dfen Nennung ist nicht der Schlu\u00df zu ziehen, dass Markenzeichen nicht durch Rechte Dritter gesch\u00fctzt sind.<\/p>\n<p>Das Urheberrecht f\u00fcr die eigenen Inhalte der Kerstin Schellhorn-Piontek auf der Domain www.events-tours.de steht allein Kerstin Schellhorn-Piontek zu. Eine Vervielf\u00e4ltigung oder Verwendung dieser Inhalte in anderen elektronischen oder gedruckten Publikationen ist ohne ausdr\u00fcckliche Zustimmung von Kerstin Schellhorn-Piontek nicht gestattet.<\/p>\n<p><strong><span class=\"Stil2\">Zur Rechtswirksamkeit<\/span><\/strong><\/p>\n<p>Dieser Haftungsausschluss ist als Teil des Internetangebotes zu betrachten, von dem aus auf diese Seite verwiesen wurde. Sofern Teile oder einzelne Formulierungen dieses Haftungsausschlusses der geltenden Rechtslage nicht, nicht mehr oder nicht vollst\u00e4ndig entsprechen sollten, bleiben die \u00fcbrigen Teile des Dokumentes in ihrem Inhalt und ihrer G\u00fcltigkeit davon unber\u00fchrt.[\/vc_column_text][\/vc_column][vc_column width=&#8220;1\/3&#8243;][\/vc_column][\/vc_row]<\/p>\n<\/div>","protected":false},"excerpt":{"rendered":"<p>[vc_row][vc_column][vc_column_text css=&#8220;.vc_custom_1541081444108{margin-top: 75px !important;}&#8220;] Kontakt &amp; Impressum [\/vc_column_text][\/vc_column][\/vc_row][vc_row][vc_column width=&#8220;2\/3&#8243;][vc_column_text css=&#8220;.vc_custom_1541507091026{margin-bottom: 75px !important;}&#8220;]Events &amp; Tours Kerstin Schellhorn-Piontek Berliner Stra\u00dfe 50 14467 Potsdam Germany T +49 (0)331 \/ 201 97 51 kerstin.schellhorn-piontek [at] events-tours [dot] de Verantwortlich f\u00fcr die Internetseite: Kerstin Schellhorn-Piontek &nbsp; Plattform der EU-Kommission zur Online-Streitbeilegung: https:\/\/www.ec.europa.eu\/consumers\/odr &nbsp; Umsetzung: KREUZINGER\/\/VISUELLE KOMMUNIKATION &nbsp; Haftungsausschluss Der Zugang&hellip;<\/p>\n","protected":false},"author":1,"featured_media":0,"parent":0,"menu_order":0,"comment_status":"closed","ping_status":"closed","template":"","meta":{"ngg_post_thumbnail":0,"footnotes":""},"_links":{"self":[{"href":"https:\/\/events-tours.de\/index.php?rest_route=\/wp\/v2\/pages\/20"}],"collection":[{"href":"https:\/\/events-tours.de\/index.php?rest_route=\/wp\/v2\/pages"}],"about":[{"href":"https:\/\/events-tours.de\/index.php?rest_route=\/wp\/v2\/types\/page"}],"author":[{"embeddable":true,"href":"https:\/\/events-tours.de\/index.php?rest_route=\/wp\/v2\/users\/1"}],"replies":[{"embeddable":true,"href":"https:\/\/events-tours.de\/index.php?rest_route=%2Fwp%2Fv2%2Fcomments&post=20"}],"version-history":[{"count":6,"href":"https:\/\/events-tours.de\/index.php?rest_route=\/wp\/v2\/pages\/20\/revisions"}],"predecessor-version":[{"id":262,"href":"https:\/\/events-tours.de\/index.php?rest_route=\/wp\/v2\/pages\/20\/revisions\/262"}],"wp:attachment":[{"href":"https:\/\/events-tours.de\/index.php?rest_route=%2Fwp%2Fv2%2Fmedia&parent=20"}],"curies":[{"name":"wp","href":"https:\/\/api.w.org\/{rel}","templated":true}]}}