{"id":2,"date":"2016-05-10T03:48:21","date_gmt":"2016-05-10T03:48:21","guid":{"rendered":"http:\/\/neu.events-tours.de\/?page_id=2"},"modified":"2020-03-13T09:51:00","modified_gmt":"2020-03-13T09:51:00","slug":"sample-page","status":"publish","type":"page","link":"https:\/\/events-tours.de\/","title":{"rendered":"Startseite"},"content":{"rendered":"<div class=\"wpb-content-wrapper\"><p>[vc_row type=&#8220;vc_default&#8220; css=&#8220;.vc_custom_1541069925927{margin-top: 75px !important;}&#8220;][vc_column width=&#8220;1\/3&#8243;][vc_column_text]<\/p>\n<h1>Willkommen in Berlin!<\/h1>\n<p>Diese Stadt bietet ungew\u00f6hnlich viel und es ist eine Kunst, vom Guten das Beste zu erleben. Wie w\u00e4re es mit einem &#8222;Fr\u00fchst\u00fcck bei Nofretete&#8220;? Oder fasziniert Sie das &#8222;Preussische Arkadien&#8220;?[\/vc_column_text][\/vc_column][vc_column width=&#8220;1\/3&#8243;][vc_single_image image=&#8220;41&#8243; img_size=&#8220;180&#215;180&#8243; alignment=&#8220;center&#8220; style=&#8220;vc_box_circle&#8220;][\/vc_column][vc_column width=&#8220;1\/3&#8243;][vc_column_text]<strong>Kerstin Schellhorn-Piontek<\/strong><\/p>\n<p>Berliner Stra\u00dfe 50<br \/>\n14467 Potsdam Germany<br \/>\nTel.: +49 (0)331 201 97 5-1<br \/>\nFax: +49 (0)331 201 97 5-2<br \/>\nMobil: +49 (0)172 312 27 84<br \/>\nMail: <a href=\"mailto:Kerstin.schellhorn-piontek@events-tours.de\">Kerstin.schellhorn-piontek@events-tours.de<\/a>[\/vc_column_text][\/vc_column][\/vc_row][vc_row type=&#8220;vc_default&#8220; css=&#8220;.vc_custom_1541074710589{margin-bottom: 75px !important;}&#8220;][vc_column][vc_icon icon_fontawesome=&#8220;fa fa-chevron-down&#8220; color=&#8220;white&#8220; background_style=&#8220;rounded&#8220; background_color=&#8220;custom&#8220; align=&#8220;center&#8220; custom_background_color=&#8220;#e63f8f&#8220; link=&#8220;url:https%3A%2F%2Fevents-tours.de%2F%3Fpage_id%3D6|||&#8220;][vc_column_text]<\/p>\n<h3 style=\"text-align: center;\"><span style=\"color: #e63f8f;\"><a style=\"color: #e63f8f;\" href=\"https:\/\/events-tours.de\/?page_id=6\">Lassen Sie sich von meiner Zeitreise inspirieren<\/a><\/span><\/h3>\n<p>[\/vc_column_text][\/vc_column][\/vc_row]<\/p>\n<\/div>","protected":false},"excerpt":{"rendered":"<p>[vc_row type=&#8220;vc_default&#8220; css=&#8220;.vc_custom_1541069925927{margin-top: 75px !important;}&#8220;][vc_column width=&#8220;1\/3&#8243;][vc_column_text] Willkommen in Berlin! Diese Stadt bietet ungew\u00f6hnlich viel und es ist eine Kunst, vom Guten das Beste zu erleben. Wie w\u00e4re es mit einem &#8222;Fr\u00fchst\u00fcck bei Nofretete&#8220;? Oder fasziniert Sie das &#8222;Preussische Arkadien&#8220;?[\/vc_column_text][\/vc_column][vc_column width=&#8220;1\/3&#8243;][vc_single_image image=&#8220;41&#8243; img_size=&#8220;180&#215;180&#8243; alignment=&#8220;center&#8220; style=&#8220;vc_box_circle&#8220;][\/vc_column][vc_column width=&#8220;1\/3&#8243;][vc_column_text]Kerstin Schellhorn-Piontek Berliner Stra\u00dfe 50 14467 Potsdam Germany Tel.: +49 (0)331&hellip;<\/p>\n","protected":false},"author":1,"featured_media":0,"parent":0,"menu_order":0,"comment_status":"closed","ping_status":"open","template":"","meta":{"ngg_post_thumbnail":0,"footnotes":""},"_links":{"self":[{"href":"https:\/\/events-tours.de\/index.php?rest_route=\/wp\/v2\/pages\/2"}],"collection":[{"href":"https:\/\/events-tours.de\/index.php?rest_route=\/wp\/v2\/pages"}],"about":[{"href":"https:\/\/events-tours.de\/index.php?rest_route=\/wp\/v2\/types\/page"}],"author":[{"embeddable":true,"href":"https:\/\/events-tours.de\/index.php?rest_route=\/wp\/v2\/users\/1"}],"replies":[{"embeddable":true,"href":"https:\/\/events-tours.de\/index.php?rest_route=%2Fwp%2Fv2%2Fcomments&post=2"}],"version-history":[{"count":19,"href":"https:\/\/events-tours.de\/index.php?rest_route=\/wp\/v2\/pages\/2\/revisions"}],"predecessor-version":[{"id":469,"href":"https:\/\/events-tours.de\/index.php?rest_route=\/wp\/v2\/pages\/2\/revisions\/469"}],"wp:attachment":[{"href":"https:\/\/events-tours.de\/index.php?rest_route=%2Fwp%2Fv2%2Fmedia&parent=2"}],"curies":[{"name":"wp","href":"https:\/\/api.w.org\/{rel}","templated":true}]}}